{"id":891,"date":"2023-10-27T05:58:14","date_gmt":"2023-10-27T05:58:14","guid":{"rendered":"http:\/\/s954832244.mialojamiento.es\/?page_id=891"},"modified":"2023-11-08T21:09:58","modified_gmt":"2023-11-08T21:09:58","slug":"serv-massatge-regal","status":"publish","type":"page","link":"https:\/\/octavimassatgista.cat\/es\/serv-massatge-regal\/","title":{"rendered":"serv-Massatge-regal"},"content":{"rendered":"<div data-elementor-type=\"wp-page\" data-elementor-id=\"891\" class=\"elementor elementor-891\" data-elementor-post-type=\"page\">\n\t\t\t\t\t\t<section class=\"elementor-section elementor-top-section elementor-element elementor-element-bb1ebd2 elementor-section-boxed elementor-section-height-default elementor-section-height-default\" data-id=\"bb1ebd2\" data-element_type=\"section\" data-e-type=\"section\" data-settings=\"{&quot;background_background&quot;:&quot;classic&quot;}\">\n\t\t\t\t\t\t<div class=\"elementor-container elementor-column-gap-default\">\n\t\t\t\t\t<div class=\"elementor-column elementor-col-100 elementor-top-column elementor-element elementor-element-bd7cf54\" data-id=\"bd7cf54\" data-element_type=\"column\" data-e-type=\"column\" data-settings=\"{&quot;background_background&quot;:&quot;classic&quot;}\">\n\t\t\t<div class=\"elementor-widget-wrap elementor-element-populated\">\n\t\t\t\t\t\t<div class=\"elementor-element elementor-element-400b788 elementor-align-left elementor-widget elementor-widget-button\" data-id=\"400b788\" data-element_type=\"widget\" data-e-type=\"widget\" data-widget_type=\"button.default\">\n\t\t\t\t<div class=\"elementor-widget-container\">\n\t\t\t\t\t\t\t\t\t<div class=\"elementor-button-wrapper\">\n\t\t\t\t\t<a class=\"elementor-button elementor-button-link elementor-size-sm\" href=\"\/es\/serveis\/#serveis\">\n\t\t\t\t\t\t<span class=\"elementor-button-content-wrapper\">\n\t\t\t\t\t\t<span class=\"elementor-button-icon\">\n\t\t\t\t<i aria-hidden=\"true\" class=\"fas fa-arrow-circle-left\"><\/i>\t\t\t<\/span>\n\t\t\t\t\t\t\t\t\t<span class=\"elementor-button-text\">Volver<\/span>\n\t\t\t\t\t<\/span>\n\t\t\t\t\t<\/a>\n\t\t\t\t<\/div>\n\t\t\t\t\t\t\t\t<\/div>\n\t\t\t\t<\/div>\n\t\t\t\t<section class=\"elementor-section elementor-inner-section elementor-element elementor-element-db79764 elementor-section-boxed elementor-section-height-default elementor-section-height-default\" data-id=\"db79764\" data-element_type=\"section\" data-e-type=\"section\">\n\t\t\t\t\t\t<div class=\"elementor-container elementor-column-gap-default\">\n\t\t\t\t\t<div class=\"elementor-column elementor-col-50 elementor-inner-column elementor-element elementor-element-d2c1089 container\" data-id=\"d2c1089\" data-element_type=\"column\" data-e-type=\"column\">\n\t\t\t<div class=\"elementor-widget-wrap elementor-element-populated\">\n\t\t\t\t\t\t<div class=\"elementor-element elementor-element-1aee982 imagehover elementor-widget elementor-widget-image\" data-id=\"1aee982\" data-element_type=\"widget\" data-e-type=\"widget\" data-settings=\"{&quot;motion_fx_motion_fx_mouse&quot;:&quot;yes&quot;}\" data-widget_type=\"image.default\">\n\t\t\t\t<div class=\"elementor-widget-container\">\n\t\t\t\t\t\t\t\t\t\t\t\t\t\t\t<img fetchpriority=\"high\" decoding=\"async\" width=\"800\" height=\"533\" src=\"https:\/\/octavimassatgista.cat\/wp-content\/uploads\/2023\/11\/targeta-regal.png\" class=\"attachment-large size-large wp-image-1353\" alt=\"\" srcset=\"https:\/\/octavimassatgista.cat\/wp-content\/uploads\/2023\/11\/targeta-regal.png 854w, https:\/\/octavimassatgista.cat\/wp-content\/uploads\/2023\/11\/targeta-regal-300x200.png 300w, https:\/\/octavimassatgista.cat\/wp-content\/uploads\/2023\/11\/targeta-regal-768x512.png 768w\" sizes=\"(max-width: 800px) 100vw, 800px\" \/>\t\t\t\t\t\t\t\t\t\t\t\t\t\t\t<\/div>\n\t\t\t\t<\/div>\n\t\t\t\t\t<\/div>\n\t\t<\/div>\n\t\t\t\t<div class=\"elementor-column elementor-col-50 elementor-inner-column elementor-element elementor-element-6fd2274\" data-id=\"6fd2274\" data-element_type=\"column\" data-e-type=\"column\">\n\t\t\t<div class=\"elementor-widget-wrap elementor-element-populated\">\n\t\t\t\t\t\t<div class=\"elementor-element elementor-element-96a58bc elementor-widget elementor-widget-text-editor\" data-id=\"96a58bc\" data-element_type=\"widget\" data-e-type=\"widget\" data-widget_type=\"text-editor.default\">\n\t\t\t\t<div class=\"elementor-widget-container\">\n\t\t\t\t\t\t\t\t\t<p><span style=\"white-space-collapse: preserve;\">Masaje regalo<\/span><\/p>\t\t\t\t\t\t\t\t<\/div>\n\t\t\t\t<\/div>\n\t\t\t\t<div class=\"elementor-element elementor-element-7f0b790 elementor-widget elementor-widget-text-editor\" data-id=\"7f0b790\" data-element_type=\"widget\" data-e-type=\"widget\" data-widget_type=\"text-editor.default\">\n\t\t\t\t<div class=\"elementor-widget-container\">\n\t\t\t\t\t\t\t\t\t<p><span style=\"font-weight: 400;\">Regala salud y bienestar en un espacio c\u00e1lido y acogedor. Masaje relajante de 1 hora. <\/span><span style=\"font-weight: 400;\">Massatge relaxant de 1 hora.<\/span><\/p>\t\t\t\t\t\t\t\t<\/div>\n\t\t\t\t<\/div>\n\t\t\t\t<div class=\"elementor-element elementor-element-39f66ed elementor-align-center elementor-mobile-align-center elementor-widget elementor-widget-button\" data-id=\"39f66ed\" data-element_type=\"widget\" data-e-type=\"widget\" data-widget_type=\"button.default\">\n\t\t\t\t<div class=\"elementor-widget-container\">\n\t\t\t\t\t\t\t\t\t<div class=\"elementor-button-wrapper\">\n\t\t\t\t\t<a class=\"elementor-button elementor-button-link elementor-size-sm\" href=\"https:\/\/wa.me\/+34646881319\">\n\t\t\t\t\t\t<span class=\"elementor-button-content-wrapper\">\n\t\t\t\t\t\t<span class=\"elementor-button-icon\">\n\t\t\t\t<i aria-hidden=\"true\" class=\"fab fa-whatsapp\"><\/i>\t\t\t<\/span>\n\t\t\t\t\t\t\t\t\t<span class=\"elementor-button-text\">RESERVAR AHORA<\/span>\n\t\t\t\t\t<\/span>\n\t\t\t\t\t<\/a>\n\t\t\t\t<\/div>\n\t\t\t\t\t\t\t\t<\/div>\n\t\t\t\t<\/div>\n\t\t\t\t\t<\/div>\n\t\t<\/div>\n\t\t\t\t\t<\/div>\n\t\t<\/section>\n\t\t\t\t\t<\/div>\n\t\t<\/div>\n\t\t\t\t\t<\/div>\n\t\t<\/section>\n\t\t\t\t<\/div>","protected":false},"excerpt":{"rendered":"<p>Tornar Massatge regal Regala salut i benestar\u00a0 en un espai c\u00e0lid i acollidor. Un regal different per aniversaris, Nadals o simplement per fer feli\u00e7 alg\u00fa. Massatge relaxant de 1 hora. RESERVAR ARA<\/p>","protected":false},"author":1,"featured_media":0,"parent":0,"menu_order":0,"comment_status":"closed","ping_status":"closed","template":"elementor_header_footer","meta":{"inline_featured_image":false,"footnotes":""},"class_list":["post-891","page","type-page","status-publish","hentry"],"yoast_head":"<!-- This site is optimized with the Yoast SEO plugin v27.5 - https:\/\/yoast.com\/product\/yoast-seo-wordpress\/ -->\n<title>serv-Massatge-regal - Octavi<\/title>\n<meta name=\"description\" content=\"Regala salut i benestar en un espai c\u00e0lid i acollidor. Un regal different per aniversaris, Nadals o simplement per fer feli\u00e7 alg\u00fa. Massatge relaxant de 1 hora.\" \/>\n<meta name=\"robots\" content=\"index, follow, max-snippet:-1, max-image-preview:large, max-video-preview:-1\" \/>\n<link rel=\"canonical\" href=\"https:\/\/octavimassatgista.cat\/es\/serv-massatge-regal\/\" \/>\n<meta property=\"og:locale\" content=\"es_ES\" \/>\n<meta property=\"og:type\" content=\"article\" \/>\n<meta property=\"og:title\" content=\"serv-Massatge-regal - Octavi\" \/>\n<meta property=\"og:description\" content=\"Regala salut i benestar en un espai c\u00e0lid i acollidor. Un regal different per aniversaris, Nadals o simplement per fer feli\u00e7 alg\u00fa. Massatge relaxant de 1 hora.\" \/>\n<meta property=\"og:url\" content=\"https:\/\/octavimassatgista.cat\/es\/serv-massatge-regal\/\" \/>\n<meta property=\"og:site_name\" content=\"Octavi\" \/>\n<meta property=\"article:modified_time\" content=\"2023-11-08T21:09:58+00:00\" \/>\n<meta property=\"og:image\" content=\"https:\/\/octavimassatgista.cat\/wp-content\/uploads\/2023\/11\/targeta-regal.png\" \/>\n<meta name=\"twitter:card\" content=\"summary_large_image\" \/>\n<meta name=\"twitter:label1\" content=\"Tiempo de lectura\" \/>\n\t<meta name=\"twitter:data1\" content=\"1 minuto\" \/>\n<script type=\"application\/ld+json\" class=\"yoast-schema-graph\">{\"@context\":\"https:\\\/\\\/schema.org\",\"@graph\":[{\"@type\":\"WebPage\",\"@id\":\"https:\\\/\\\/octavimassatgista.cat\\\/serv-massatge-regal\\\/\",\"url\":\"https:\\\/\\\/octavimassatgista.cat\\\/serv-massatge-regal\\\/\",\"name\":\"serv-Massatge-regal - Octavi\",\"isPartOf\":{\"@id\":\"https:\\\/\\\/octavimassatgista.cat\\\/#website\"},\"primaryImageOfPage\":{\"@id\":\"https:\\\/\\\/octavimassatgista.cat\\\/serv-massatge-regal\\\/#primaryimage\"},\"image\":{\"@id\":\"https:\\\/\\\/octavimassatgista.cat\\\/serv-massatge-regal\\\/#primaryimage\"},\"thumbnailUrl\":\"https:\\\/\\\/octavimassatgista.cat\\\/wp-content\\\/uploads\\\/2023\\\/11\\\/targeta-regal.png\",\"datePublished\":\"2023-10-27T05:58:14+00:00\",\"dateModified\":\"2023-11-08T21:09:58+00:00\",\"description\":\"Regala salut i benestar en un espai c\u00e0lid i acollidor. Un regal different per aniversaris, Nadals o simplement per fer feli\u00e7 alg\u00fa. Massatge relaxant de 1 hora.\",\"inLanguage\":\"es\",\"potentialAction\":[{\"@type\":\"ReadAction\",\"target\":[\"https:\\\/\\\/octavimassatgista.cat\\\/serv-massatge-regal\\\/\"]}]},{\"@type\":\"ImageObject\",\"inLanguage\":\"es\",\"@id\":\"https:\\\/\\\/octavimassatgista.cat\\\/serv-massatge-regal\\\/#primaryimage\",\"url\":\"https:\\\/\\\/octavimassatgista.cat\\\/wp-content\\\/uploads\\\/2023\\\/11\\\/targeta-regal.png\",\"contentUrl\":\"https:\\\/\\\/octavimassatgista.cat\\\/wp-content\\\/uploads\\\/2023\\\/11\\\/targeta-regal.png\"},{\"@type\":\"WebSite\",\"@id\":\"https:\\\/\\\/octavimassatgista.cat\\\/#website\",\"url\":\"https:\\\/\\\/octavimassatgista.cat\\\/\",\"name\":\"Octavi\",\"description\":\"\",\"potentialAction\":[{\"@type\":\"SearchAction\",\"target\":{\"@type\":\"EntryPoint\",\"urlTemplate\":\"https:\\\/\\\/octavimassatgista.cat\\\/?s={search_term_string}\"},\"query-input\":{\"@type\":\"PropertyValueSpecification\",\"valueRequired\":true,\"valueName\":\"search_term_string\"}}],\"inLanguage\":\"es\"}]}<\/script>\n<!-- \/ Yoast SEO plugin. -->","yoast_head_json":{"title":"serv-Massatge-regal - Octavi","description":"Regala salut i benestar en un espai c\u00e0lid i acollidor. Un regal different per aniversaris, Nadals o simplement per fer feli\u00e7 alg\u00fa. Massatge relaxant de 1 hora.","robots":{"index":"index","follow":"follow","max-snippet":"max-snippet:-1","max-image-preview":"max-image-preview:large","max-video-preview":"max-video-preview:-1"},"canonical":"https:\/\/octavimassatgista.cat\/es\/serv-massatge-regal\/","og_locale":"es_ES","og_type":"article","og_title":"serv-Massatge-regal - Octavi","og_description":"Regala salut i benestar en un espai c\u00e0lid i acollidor. Un regal different per aniversaris, Nadals o simplement per fer feli\u00e7 alg\u00fa. Massatge relaxant de 1 hora.","og_url":"https:\/\/octavimassatgista.cat\/es\/serv-massatge-regal\/","og_site_name":"Octavi","article_modified_time":"2023-11-08T21:09:58+00:00","og_image":[{"url":"https:\/\/octavimassatgista.cat\/wp-content\/uploads\/2023\/11\/targeta-regal.png","type":"","width":"","height":""}],"twitter_card":"summary_large_image","twitter_misc":{"Tiempo de lectura":"1 minuto"},"schema":{"@context":"https:\/\/schema.org","@graph":[{"@type":"WebPage","@id":"https:\/\/octavimassatgista.cat\/serv-massatge-regal\/","url":"https:\/\/octavimassatgista.cat\/serv-massatge-regal\/","name":"serv-Massatge-regal - Octavi","isPartOf":{"@id":"https:\/\/octavimassatgista.cat\/#website"},"primaryImageOfPage":{"@id":"https:\/\/octavimassatgista.cat\/serv-massatge-regal\/#primaryimage"},"image":{"@id":"https:\/\/octavimassatgista.cat\/serv-massatge-regal\/#primaryimage"},"thumbnailUrl":"https:\/\/octavimassatgista.cat\/wp-content\/uploads\/2023\/11\/targeta-regal.png","datePublished":"2023-10-27T05:58:14+00:00","dateModified":"2023-11-08T21:09:58+00:00","description":"Regala salut i benestar en un espai c\u00e0lid i acollidor. Un regal different per aniversaris, Nadals o simplement per fer feli\u00e7 alg\u00fa. Massatge relaxant de 1 hora.","inLanguage":"es","potentialAction":[{"@type":"ReadAction","target":["https:\/\/octavimassatgista.cat\/serv-massatge-regal\/"]}]},{"@type":"ImageObject","inLanguage":"es","@id":"https:\/\/octavimassatgista.cat\/serv-massatge-regal\/#primaryimage","url":"https:\/\/octavimassatgista.cat\/wp-content\/uploads\/2023\/11\/targeta-regal.png","contentUrl":"https:\/\/octavimassatgista.cat\/wp-content\/uploads\/2023\/11\/targeta-regal.png"},{"@type":"WebSite","@id":"https:\/\/octavimassatgista.cat\/#website","url":"https:\/\/octavimassatgista.cat\/","name":"Octavi","description":"","potentialAction":[{"@type":"SearchAction","target":{"@type":"EntryPoint","urlTemplate":"https:\/\/octavimassatgista.cat\/?s={search_term_string}"},"query-input":{"@type":"PropertyValueSpecification","valueRequired":true,"valueName":"search_term_string"}}],"inLanguage":"es"}]}},"_links":{"self":[{"href":"https:\/\/octavimassatgista.cat\/es\/wp-json\/wp\/v2\/pages\/891","targetHints":{"allow":["GET"]}}],"collection":[{"href":"https:\/\/octavimassatgista.cat\/es\/wp-json\/wp\/v2\/pages"}],"about":[{"href":"https:\/\/octavimassatgista.cat\/es\/wp-json\/wp\/v2\/types\/page"}],"author":[{"embeddable":true,"href":"https:\/\/octavimassatgista.cat\/es\/wp-json\/wp\/v2\/users\/1"}],"replies":[{"embeddable":true,"href":"https:\/\/octavimassatgista.cat\/es\/wp-json\/wp\/v2\/comments?post=891"}],"version-history":[{"count":31,"href":"https:\/\/octavimassatgista.cat\/es\/wp-json\/wp\/v2\/pages\/891\/revisions"}],"predecessor-version":[{"id":1359,"href":"https:\/\/octavimassatgista.cat\/es\/wp-json\/wp\/v2\/pages\/891\/revisions\/1359"}],"wp:attachment":[{"href":"https:\/\/octavimassatgista.cat\/es\/wp-json\/wp\/v2\/media?parent=891"}],"curies":[{"name":"wp","href":"https:\/\/api.w.org\/{rel}","templated":true}]}}