{"id":824,"date":"2023-10-27T05:51:06","date_gmt":"2023-10-27T05:51:06","guid":{"rendered":"http:\/\/s954832244.mialojamiento.es\/?page_id=824"},"modified":"2023-11-08T21:09:28","modified_gmt":"2023-11-08T21:09:28","slug":"serv-grups-de-ioga","status":"publish","type":"page","link":"https:\/\/octavimassatgista.cat\/es\/serv-grups-de-ioga\/","title":{"rendered":"serv-Grups-de-ioga"},"content":{"rendered":"<div data-elementor-type=\"wp-page\" data-elementor-id=\"824\" class=\"elementor elementor-824\" data-elementor-post-type=\"page\">\n\t\t\t\t\t\t<section class=\"elementor-section elementor-top-section elementor-element elementor-element-d02632b elementor-section-boxed elementor-section-height-default elementor-section-height-default\" data-id=\"d02632b\" data-element_type=\"section\" data-e-type=\"section\" data-settings=\"{&quot;background_background&quot;:&quot;classic&quot;}\">\n\t\t\t\t\t\t<div class=\"elementor-container elementor-column-gap-default\">\n\t\t\t\t\t<div class=\"elementor-column elementor-col-100 elementor-top-column elementor-element elementor-element-c7e9774\" data-id=\"c7e9774\" data-element_type=\"column\" data-e-type=\"column\" data-settings=\"{&quot;background_background&quot;:&quot;classic&quot;}\">\n\t\t\t<div class=\"elementor-widget-wrap elementor-element-populated\">\n\t\t\t\t\t\t<div class=\"elementor-element elementor-element-855a292 elementor-align-left elementor-widget elementor-widget-button\" data-id=\"855a292\" data-element_type=\"widget\" data-e-type=\"widget\" data-widget_type=\"button.default\">\n\t\t\t\t<div class=\"elementor-widget-container\">\n\t\t\t\t\t\t\t\t\t<div class=\"elementor-button-wrapper\">\n\t\t\t\t\t<a class=\"elementor-button elementor-button-link elementor-size-sm\" href=\"\/es\/serveis\/#serveis\">\n\t\t\t\t\t\t<span class=\"elementor-button-content-wrapper\">\n\t\t\t\t\t\t<span class=\"elementor-button-icon\">\n\t\t\t\t<i aria-hidden=\"true\" class=\"fas fa-arrow-circle-left\"><\/i>\t\t\t<\/span>\n\t\t\t\t\t\t\t\t\t<span class=\"elementor-button-text\">Volver<\/span>\n\t\t\t\t\t<\/span>\n\t\t\t\t\t<\/a>\n\t\t\t\t<\/div>\n\t\t\t\t\t\t\t\t<\/div>\n\t\t\t\t<\/div>\n\t\t\t\t<section class=\"elementor-section elementor-inner-section elementor-element elementor-element-6d5f225 elementor-section-boxed elementor-section-height-default elementor-section-height-default\" data-id=\"6d5f225\" data-element_type=\"section\" data-e-type=\"section\">\n\t\t\t\t\t\t<div class=\"elementor-container elementor-column-gap-default\">\n\t\t\t\t\t<div class=\"elementor-column elementor-col-50 elementor-inner-column elementor-element elementor-element-3c01f9a container\" data-id=\"3c01f9a\" data-element_type=\"column\" data-e-type=\"column\">\n\t\t\t<div class=\"elementor-widget-wrap elementor-element-populated\">\n\t\t\t\t\t\t<div class=\"elementor-element elementor-element-5087820 imagehover elementor-widget elementor-widget-image\" data-id=\"5087820\" data-element_type=\"widget\" data-e-type=\"widget\" data-settings=\"{&quot;motion_fx_motion_fx_mouse&quot;:&quot;yes&quot;}\" data-widget_type=\"image.default\">\n\t\t\t\t<div class=\"elementor-widget-container\">\n\t\t\t\t\t\t\t\t\t\t\t\t\t\t\t<img fetchpriority=\"high\" decoding=\"async\" width=\"800\" height=\"534\" src=\"https:\/\/octavimassatgista.cat\/wp-content\/uploads\/2023\/10\/octavi-fisioterapia.jpeg\" class=\"attachment-large size-large wp-image-319\" alt=\"\" srcset=\"https:\/\/octavimassatgista.cat\/wp-content\/uploads\/2023\/10\/octavi-fisioterapia.jpeg 1024w, https:\/\/octavimassatgista.cat\/wp-content\/uploads\/2023\/10\/octavi-fisioterapia-300x200.jpeg 300w, https:\/\/octavimassatgista.cat\/wp-content\/uploads\/2023\/10\/octavi-fisioterapia-768x512.jpeg 768w\" sizes=\"(max-width: 800px) 100vw, 800px\" \/>\t\t\t\t\t\t\t\t\t\t\t\t\t\t\t<\/div>\n\t\t\t\t<\/div>\n\t\t\t\t\t<\/div>\n\t\t<\/div>\n\t\t\t\t<div class=\"elementor-column elementor-col-50 elementor-inner-column elementor-element elementor-element-eaf9f50\" data-id=\"eaf9f50\" data-element_type=\"column\" data-e-type=\"column\">\n\t\t\t<div class=\"elementor-widget-wrap elementor-element-populated\">\n\t\t\t\t\t\t<div class=\"elementor-element elementor-element-61335fb elementor-widget elementor-widget-text-editor\" data-id=\"61335fb\" data-element_type=\"widget\" data-e-type=\"widget\" data-widget_type=\"text-editor.default\">\n\t\t\t\t<div class=\"elementor-widget-container\">\n\t\t\t\t\t\t\t\t\t<p><span style=\"white-space-collapse: preserve;\">Grupos de yoga y pilates<\/span><\/p>\t\t\t\t\t\t\t\t<\/div>\n\t\t\t\t<\/div>\n\t\t\t\t<div class=\"elementor-element elementor-element-808268f elementor-widget elementor-widget-text-editor\" data-id=\"808268f\" data-element_type=\"widget\" data-e-type=\"widget\" data-widget_type=\"text-editor.default\">\n\t\t\t\t<div class=\"elementor-widget-container\">\n\t\t\t\t\t\t\t\t\t<p><span style=\"font-weight: 400;\">Grupos reducidos de yoga y pilates. Disponemos de terraza y un sal\u00f3n interior. Para m\u00e1s informaci\u00f3n contacte con el centro.<\/span><\/p><p><span style=\"font-weight: 400;\">Las sesiones de yoga y pilates son realizadas por colaboradores especializados.<\/span><\/p>\t\t\t\t\t\t\t\t<\/div>\n\t\t\t\t<\/div>\n\t\t\t\t<div class=\"elementor-element elementor-element-c405bf5 elementor-align-center elementor-mobile-align-center elementor-widget elementor-widget-button\" data-id=\"c405bf5\" data-element_type=\"widget\" data-e-type=\"widget\" data-widget_type=\"button.default\">\n\t\t\t\t<div class=\"elementor-widget-container\">\n\t\t\t\t\t\t\t\t\t<div class=\"elementor-button-wrapper\">\n\t\t\t\t\t<a class=\"elementor-button elementor-button-link elementor-size-sm\" href=\"https:\/\/wa.me\/+34646881319\">\n\t\t\t\t\t\t<span class=\"elementor-button-content-wrapper\">\n\t\t\t\t\t\t<span class=\"elementor-button-icon\">\n\t\t\t\t<i aria-hidden=\"true\" class=\"fab fa-whatsapp\"><\/i>\t\t\t<\/span>\n\t\t\t\t\t\t\t\t\t<span class=\"elementor-button-text\">RESERVAR AHORA<\/span>\n\t\t\t\t\t<\/span>\n\t\t\t\t\t<\/a>\n\t\t\t\t<\/div>\n\t\t\t\t\t\t\t\t<\/div>\n\t\t\t\t<\/div>\n\t\t\t\t\t<\/div>\n\t\t<\/div>\n\t\t\t\t\t<\/div>\n\t\t<\/section>\n\t\t\t\t\t<\/div>\n\t\t<\/div>\n\t\t\t\t\t<\/div>\n\t\t<\/section>\n\t\t\t\t<\/div>","protected":false},"excerpt":{"rendered":"<p>Tornar Grups de ioga i pilates Grups redu\u00efts de ioga i pilates. Disposem de Terrassa i un sala interior. Per m\u00e9s informaci\u00f3 contacteu amb el centre. Les sessions de ioga i pilates s\u00f3n realitzades per col\u00b7laboradors especialitzats. RESERVAR ARA<\/p>","protected":false},"author":1,"featured_media":0,"parent":0,"menu_order":0,"comment_status":"closed","ping_status":"closed","template":"elementor_header_footer","meta":{"inline_featured_image":false,"footnotes":""},"class_list":["post-824","page","type-page","status-publish","hentry"],"yoast_head":"<!-- This site is optimized with the Yoast SEO plugin v27.5 - https:\/\/yoast.com\/product\/yoast-seo-wordpress\/ -->\n<title>serv-Grups-de-ioga - Octavi<\/title>\n<meta name=\"description\" content=\"Grups redu\u00efts de ioga i pilates. Disposem de Terrassa i un sala interior. Per m\u00e9s informaci\u00f3 contacteu amb el centre.\" \/>\n<meta name=\"robots\" content=\"index, follow, max-snippet:-1, max-image-preview:large, max-video-preview:-1\" \/>\n<link rel=\"canonical\" href=\"https:\/\/octavimassatgista.cat\/es\/serv-grups-de-ioga\/\" \/>\n<meta property=\"og:locale\" content=\"es_ES\" \/>\n<meta property=\"og:type\" content=\"article\" \/>\n<meta property=\"og:title\" content=\"serv-Grups-de-ioga - Octavi\" \/>\n<meta property=\"og:description\" content=\"Grups redu\u00efts de ioga i pilates. Disposem de Terrassa i un sala interior. Per m\u00e9s informaci\u00f3 contacteu amb el centre.\" \/>\n<meta property=\"og:url\" content=\"https:\/\/octavimassatgista.cat\/es\/serv-grups-de-ioga\/\" \/>\n<meta property=\"og:site_name\" content=\"Octavi\" \/>\n<meta property=\"article:modified_time\" content=\"2023-11-08T21:09:28+00:00\" \/>\n<meta property=\"og:image\" content=\"https:\/\/octavimassatgista.cat\/wp-content\/uploads\/2023\/10\/octavi-fisioterapia.jpeg\" \/>\n<meta name=\"twitter:card\" content=\"summary_large_image\" \/>\n<meta name=\"twitter:label1\" content=\"Tiempo de lectura\" \/>\n\t<meta name=\"twitter:data1\" content=\"1 minuto\" \/>\n<script type=\"application\/ld+json\" class=\"yoast-schema-graph\">{\"@context\":\"https:\\\/\\\/schema.org\",\"@graph\":[{\"@type\":\"WebPage\",\"@id\":\"https:\\\/\\\/octavimassatgista.cat\\\/serv-grups-de-ioga\\\/\",\"url\":\"https:\\\/\\\/octavimassatgista.cat\\\/serv-grups-de-ioga\\\/\",\"name\":\"serv-Grups-de-ioga - Octavi\",\"isPartOf\":{\"@id\":\"https:\\\/\\\/octavimassatgista.cat\\\/#website\"},\"primaryImageOfPage\":{\"@id\":\"https:\\\/\\\/octavimassatgista.cat\\\/serv-grups-de-ioga\\\/#primaryimage\"},\"image\":{\"@id\":\"https:\\\/\\\/octavimassatgista.cat\\\/serv-grups-de-ioga\\\/#primaryimage\"},\"thumbnailUrl\":\"https:\\\/\\\/octavimassatgista.cat\\\/wp-content\\\/uploads\\\/2023\\\/10\\\/octavi-fisioterapia.jpeg\",\"datePublished\":\"2023-10-27T05:51:06+00:00\",\"dateModified\":\"2023-11-08T21:09:28+00:00\",\"description\":\"Grups redu\u00efts de ioga i pilates. Disposem de Terrassa i un sala interior. Per m\u00e9s informaci\u00f3 contacteu amb el centre.\",\"inLanguage\":\"es\",\"potentialAction\":[{\"@type\":\"ReadAction\",\"target\":[\"https:\\\/\\\/octavimassatgista.cat\\\/serv-grups-de-ioga\\\/\"]}]},{\"@type\":\"ImageObject\",\"inLanguage\":\"es\",\"@id\":\"https:\\\/\\\/octavimassatgista.cat\\\/serv-grups-de-ioga\\\/#primaryimage\",\"url\":\"https:\\\/\\\/octavimassatgista.cat\\\/wp-content\\\/uploads\\\/2023\\\/10\\\/octavi-fisioterapia.jpeg\",\"contentUrl\":\"https:\\\/\\\/octavimassatgista.cat\\\/wp-content\\\/uploads\\\/2023\\\/10\\\/octavi-fisioterapia.jpeg\"},{\"@type\":\"WebSite\",\"@id\":\"https:\\\/\\\/octavimassatgista.cat\\\/#website\",\"url\":\"https:\\\/\\\/octavimassatgista.cat\\\/\",\"name\":\"Octavi\",\"description\":\"\",\"potentialAction\":[{\"@type\":\"SearchAction\",\"target\":{\"@type\":\"EntryPoint\",\"urlTemplate\":\"https:\\\/\\\/octavimassatgista.cat\\\/?s={search_term_string}\"},\"query-input\":{\"@type\":\"PropertyValueSpecification\",\"valueRequired\":true,\"valueName\":\"search_term_string\"}}],\"inLanguage\":\"es\"}]}<\/script>\n<!-- \/ Yoast SEO plugin. -->","yoast_head_json":{"title":"serv-Grups-de-ioga - Octavi","description":"Grupos reducidos de yoga y pilates. Disponemos de terraza y un sal\u00f3n interior. Para m\u00e1s informaci\u00f3n contacte con el centro.","robots":{"index":"index","follow":"follow","max-snippet":"max-snippet:-1","max-image-preview":"max-image-preview:large","max-video-preview":"max-video-preview:-1"},"canonical":"https:\/\/octavimassatgista.cat\/es\/serv-grups-de-ioga\/","og_locale":"es_ES","og_type":"article","og_title":"serv-Grups-de-ioga - Octavi","og_description":"Grups redu\u00efts de ioga i pilates. Disposem de Terrassa i un sala interior. Per m\u00e9s informaci\u00f3 contacteu amb el centre.","og_url":"https:\/\/octavimassatgista.cat\/es\/serv-grups-de-ioga\/","og_site_name":"Octavi","article_modified_time":"2023-11-08T21:09:28+00:00","og_image":[{"url":"https:\/\/octavimassatgista.cat\/wp-content\/uploads\/2023\/10\/octavi-fisioterapia.jpeg","type":"","width":"","height":""}],"twitter_card":"summary_large_image","twitter_misc":{"Tiempo de lectura":"1 minuto"},"schema":{"@context":"https:\/\/schema.org","@graph":[{"@type":"WebPage","@id":"https:\/\/octavimassatgista.cat\/serv-grups-de-ioga\/","url":"https:\/\/octavimassatgista.cat\/serv-grups-de-ioga\/","name":"serv-Grups-de-ioga - Octavi","isPartOf":{"@id":"https:\/\/octavimassatgista.cat\/#website"},"primaryImageOfPage":{"@id":"https:\/\/octavimassatgista.cat\/serv-grups-de-ioga\/#primaryimage"},"image":{"@id":"https:\/\/octavimassatgista.cat\/serv-grups-de-ioga\/#primaryimage"},"thumbnailUrl":"https:\/\/octavimassatgista.cat\/wp-content\/uploads\/2023\/10\/octavi-fisioterapia.jpeg","datePublished":"2023-10-27T05:51:06+00:00","dateModified":"2023-11-08T21:09:28+00:00","description":"Grupos reducidos de yoga y pilates. Disponemos de terraza y un sal\u00f3n interior. Para m\u00e1s informaci\u00f3n contacte con el centro.","inLanguage":"es","potentialAction":[{"@type":"ReadAction","target":["https:\/\/octavimassatgista.cat\/serv-grups-de-ioga\/"]}]},{"@type":"ImageObject","inLanguage":"es","@id":"https:\/\/octavimassatgista.cat\/serv-grups-de-ioga\/#primaryimage","url":"https:\/\/octavimassatgista.cat\/wp-content\/uploads\/2023\/10\/octavi-fisioterapia.jpeg","contentUrl":"https:\/\/octavimassatgista.cat\/wp-content\/uploads\/2023\/10\/octavi-fisioterapia.jpeg"},{"@type":"WebSite","@id":"https:\/\/octavimassatgista.cat\/#website","url":"https:\/\/octavimassatgista.cat\/","name":"Octavi","description":"","potentialAction":[{"@type":"SearchAction","target":{"@type":"EntryPoint","urlTemplate":"https:\/\/octavimassatgista.cat\/?s={search_term_string}"},"query-input":{"@type":"PropertyValueSpecification","valueRequired":true,"valueName":"search_term_string"}}],"inLanguage":"es"}]}},"_links":{"self":[{"href":"https:\/\/octavimassatgista.cat\/es\/wp-json\/wp\/v2\/pages\/824","targetHints":{"allow":["GET"]}}],"collection":[{"href":"https:\/\/octavimassatgista.cat\/es\/wp-json\/wp\/v2\/pages"}],"about":[{"href":"https:\/\/octavimassatgista.cat\/es\/wp-json\/wp\/v2\/types\/page"}],"author":[{"embeddable":true,"href":"https:\/\/octavimassatgista.cat\/es\/wp-json\/wp\/v2\/users\/1"}],"replies":[{"embeddable":true,"href":"https:\/\/octavimassatgista.cat\/es\/wp-json\/wp\/v2\/comments?post=824"}],"version-history":[{"count":24,"href":"https:\/\/octavimassatgista.cat\/es\/wp-json\/wp\/v2\/pages\/824\/revisions"}],"predecessor-version":[{"id":1319,"href":"https:\/\/octavimassatgista.cat\/es\/wp-json\/wp\/v2\/pages\/824\/revisions\/1319"}],"wp:attachment":[{"href":"https:\/\/octavimassatgista.cat\/es\/wp-json\/wp\/v2\/media?parent=824"}],"curies":[{"name":"wp","href":"https:\/\/api.w.org\/{rel}","templated":true}]}}