{"id":808,"date":"2023-10-27T05:45:02","date_gmt":"2023-10-27T05:45:02","guid":{"rendered":"http:\/\/s954832244.mialojamiento.es\/?page_id=808"},"modified":"2023-11-08T21:08:56","modified_gmt":"2023-11-08T21:08:56","slug":"serv-tecarterapia","status":"publish","type":"page","link":"https:\/\/octavimassatgista.cat\/es\/serv-tecarterapia\/","title":{"rendered":"serv-Tecarterapia"},"content":{"rendered":"\t\t<div data-elementor-type=\"wp-page\" data-elementor-id=\"808\" class=\"elementor elementor-808\" data-elementor-post-type=\"page\">\n\t\t\t\t\t\t<section class=\"elementor-section elementor-top-section elementor-element elementor-element-3335a06 elementor-section-boxed elementor-section-height-default elementor-section-height-default\" data-id=\"3335a06\" data-element_type=\"section\" data-e-type=\"section\" data-settings=\"{&quot;background_background&quot;:&quot;classic&quot;}\">\n\t\t\t\t\t\t<div class=\"elementor-container elementor-column-gap-default\">\n\t\t\t\t\t<div class=\"elementor-column elementor-col-100 elementor-top-column elementor-element elementor-element-153a763\" data-id=\"153a763\" data-element_type=\"column\" data-e-type=\"column\" data-settings=\"{&quot;background_background&quot;:&quot;classic&quot;}\">\n\t\t\t<div class=\"elementor-widget-wrap elementor-element-populated\">\n\t\t\t\t\t\t<div class=\"elementor-element elementor-element-e985659 elementor-align-left elementor-widget elementor-widget-button\" data-id=\"e985659\" data-element_type=\"widget\" data-e-type=\"widget\" data-widget_type=\"button.default\">\n\t\t\t\t<div class=\"elementor-widget-container\">\n\t\t\t\t\t\t\t\t\t<div class=\"elementor-button-wrapper\">\n\t\t\t\t\t<a class=\"elementor-button elementor-button-link elementor-size-sm\" href=\"\/serveis#serveis\">\n\t\t\t\t\t\t<span class=\"elementor-button-content-wrapper\">\n\t\t\t\t\t\t<span class=\"elementor-button-icon\">\n\t\t\t\t<i aria-hidden=\"true\" class=\"fas fa-arrow-circle-left\"><\/i>\t\t\t<\/span>\n\t\t\t\t\t\t\t\t\t<span class=\"elementor-button-text\">Tornar<\/span>\n\t\t\t\t\t<\/span>\n\t\t\t\t\t<\/a>\n\t\t\t\t<\/div>\n\t\t\t\t\t\t\t\t<\/div>\n\t\t\t\t<\/div>\n\t\t\t\t<section class=\"elementor-section elementor-inner-section elementor-element elementor-element-bc79e28 elementor-section-boxed elementor-section-height-default elementor-section-height-default\" data-id=\"bc79e28\" data-element_type=\"section\" data-e-type=\"section\">\n\t\t\t\t\t\t<div class=\"elementor-container elementor-column-gap-default\">\n\t\t\t\t\t<div class=\"elementor-column elementor-col-50 elementor-inner-column elementor-element elementor-element-a5ad8de container\" data-id=\"a5ad8de\" data-element_type=\"column\" data-e-type=\"column\">\n\t\t\t<div class=\"elementor-widget-wrap elementor-element-populated\">\n\t\t\t\t\t\t<div class=\"elementor-element elementor-element-ead9d5e imagehover elementor-widget elementor-widget-image\" data-id=\"ead9d5e\" data-element_type=\"widget\" data-e-type=\"widget\" data-settings=\"{&quot;motion_fx_motion_fx_mouse&quot;:&quot;yes&quot;}\" data-widget_type=\"image.default\">\n\t\t\t\t<div class=\"elementor-widget-container\">\n\t\t\t\t\t\t\t\t\t\t\t\t\t\t\t<img fetchpriority=\"high\" decoding=\"async\" width=\"800\" height=\"534\" src=\"https:\/\/octavimassatgista.cat\/wp-content\/uploads\/2023\/11\/Foto-Human-Tecar-22-1024x683.jpg\" class=\"attachment-large size-large wp-image-1377\" alt=\"\" srcset=\"https:\/\/octavimassatgista.cat\/wp-content\/uploads\/2023\/11\/Foto-Human-Tecar-22-1024x683.jpg 1024w, https:\/\/octavimassatgista.cat\/wp-content\/uploads\/2023\/11\/Foto-Human-Tecar-22-300x200.jpg 300w, https:\/\/octavimassatgista.cat\/wp-content\/uploads\/2023\/11\/Foto-Human-Tecar-22-768x512.jpg 768w, https:\/\/octavimassatgista.cat\/wp-content\/uploads\/2023\/11\/Foto-Human-Tecar-22-1536x1024.jpg 1536w, https:\/\/octavimassatgista.cat\/wp-content\/uploads\/2023\/11\/Foto-Human-Tecar-22-2048x1365.jpg 2048w\" sizes=\"(max-width: 800px) 100vw, 800px\" \/>\t\t\t\t\t\t\t\t\t\t\t\t\t\t\t<\/div>\n\t\t\t\t<\/div>\n\t\t\t\t\t<\/div>\n\t\t<\/div>\n\t\t\t\t<div class=\"elementor-column elementor-col-50 elementor-inner-column elementor-element elementor-element-2190f2d\" data-id=\"2190f2d\" data-element_type=\"column\" data-e-type=\"column\">\n\t\t\t<div class=\"elementor-widget-wrap elementor-element-populated\">\n\t\t\t\t\t\t<div class=\"elementor-element elementor-element-c035c21 elementor-widget elementor-widget-text-editor\" data-id=\"c035c21\" data-element_type=\"widget\" data-e-type=\"widget\" data-widget_type=\"text-editor.default\">\n\t\t\t\t<div class=\"elementor-widget-container\">\n\t\t\t\t\t\t\t\t\t<p>Tecarter\u00e0pia (Radiofreq\u00fc\u00e8ncia)<\/p>\t\t\t\t\t\t\t\t<\/div>\n\t\t\t\t<\/div>\n\t\t\t\t<div class=\"elementor-element elementor-element-0aa07fd elementor-align-start list elementor-icon-list--layout-traditional elementor-list-item-link-full_width elementor-widget elementor-widget-icon-list\" data-id=\"0aa07fd\" data-element_type=\"widget\" data-e-type=\"widget\" data-widget_type=\"icon-list.default\">\n\t\t\t\t<div class=\"elementor-widget-container\">\n\t\t\t\t\t\t\t<ul class=\"elementor-icon-list-items\">\n\t\t\t\t\t\t\t<li class=\"elementor-icon-list-item\">\n\t\t\t\t\t\t\t\t\t\t\t<span class=\"elementor-icon-list-icon\">\n\t\t\t\t\t\t\t<i aria-hidden=\"true\" class=\"fas fa-circle\"><\/i>\t\t\t\t\t\t<\/span>\n\t\t\t\t\t\t\t\t\t\t<span class=\"elementor-icon-list-text\">Te efectes vasodilatadors.<\/span>\n\t\t\t\t\t\t\t\t\t<\/li>\n\t\t\t\t\t\t\t\t<li class=\"elementor-icon-list-item\">\n\t\t\t\t\t\t\t\t\t\t\t<span class=\"elementor-icon-list-icon\">\n\t\t\t\t\t\t\t<i aria-hidden=\"true\" class=\"fas fa-circle\"><\/i>\t\t\t\t\t\t<\/span>\n\t\t\t\t\t\t\t\t\t\t<span class=\"elementor-icon-list-text\">Estimula el sistema immunol\u00f2gic.<\/span>\n\t\t\t\t\t\t\t\t\t<\/li>\n\t\t\t\t\t\t\t\t<li class=\"elementor-icon-list-item\">\n\t\t\t\t\t\t\t\t\t\t\t<span class=\"elementor-icon-list-icon\">\n\t\t\t\t\t\t\t<i aria-hidden=\"true\" class=\"fas fa-circle\"><\/i>\t\t\t\t\t\t<\/span>\n\t\t\t\t\t\t\t\t\t\t<span class=\"elementor-icon-list-text\">Augmenta la oxigenaci\u00f3 dels teixits i la seva capacitat regeneradora.<\/span>\n\t\t\t\t\t\t\t\t\t<\/li>\n\t\t\t\t\t\t\t\t<li class=\"elementor-icon-list-item\">\n\t\t\t\t\t\t\t\t\t\t\t<span class=\"elementor-icon-list-icon\">\n\t\t\t\t\t\t\t<i aria-hidden=\"true\" class=\"fas fa-circle\"><\/i>\t\t\t\t\t\t<\/span>\n\t\t\t\t\t\t\t\t\t\t<span class=\"elementor-icon-list-text\">Afavoreix el drenatge limf\u00e0tic<\/span>\n\t\t\t\t\t\t\t\t\t<\/li>\n\t\t\t\t\t\t<\/ul>\n\t\t\t\t\t\t<\/div>\n\t\t\t\t<\/div>\n\t\t\t\t<div class=\"elementor-element elementor-element-da76ca2 elementor-widget elementor-widget-text-editor\" data-id=\"da76ca2\" data-element_type=\"widget\" data-e-type=\"widget\" data-widget_type=\"text-editor.default\">\n\t\t\t\t<div class=\"elementor-widget-container\">\n\t\t\t\t\t\t\t\t\t<p>[La part de fisioter\u00e0pia manual i rehabilitaci\u00f3 compta amb la col\u00b7laboraci\u00f3 de dos fisioterapeutes especialitzats]<\/p>\t\t\t\t\t\t\t\t<\/div>\n\t\t\t\t<\/div>\n\t\t\t\t<div class=\"elementor-element elementor-element-054cdc1 elementor-align-center elementor-mobile-align-center elementor-widget elementor-widget-button\" data-id=\"054cdc1\" data-element_type=\"widget\" data-e-type=\"widget\" data-widget_type=\"button.default\">\n\t\t\t\t<div class=\"elementor-widget-container\">\n\t\t\t\t\t\t\t\t\t<div class=\"elementor-button-wrapper\">\n\t\t\t\t\t<a class=\"elementor-button elementor-button-link elementor-size-sm\" href=\"https:\/\/wa.me\/+34646881319\">\n\t\t\t\t\t\t<span class=\"elementor-button-content-wrapper\">\n\t\t\t\t\t\t<span class=\"elementor-button-icon\">\n\t\t\t\t<i aria-hidden=\"true\" class=\"fab fa-whatsapp\"><\/i>\t\t\t<\/span>\n\t\t\t\t\t\t\t\t\t<span class=\"elementor-button-text\">RESERVAR ARA<\/span>\n\t\t\t\t\t<\/span>\n\t\t\t\t\t<\/a>\n\t\t\t\t<\/div>\n\t\t\t\t\t\t\t\t<\/div>\n\t\t\t\t<\/div>\n\t\t\t\t\t<\/div>\n\t\t<\/div>\n\t\t\t\t\t<\/div>\n\t\t<\/section>\n\t\t\t\t\t<\/div>\n\t\t<\/div>\n\t\t\t\t\t<\/div>\n\t\t<\/section>\n\t\t\t\t<\/div>\n\t\t","protected":false},"excerpt":{"rendered":"<p>Tornar Tecarter\u00e0pia (Radiofreq\u00fc\u00e8ncia) Te efectes vasodilatadors. Estimula el sistema immunol\u00f2gic. Augmenta la oxigenaci\u00f3 dels teixits i la seva capacitat regeneradora. Afavoreix el drenatge limf\u00e0tic [La part de fisioter\u00e0pia manual i rehabilitaci\u00f3 compta amb la col\u00b7laboraci\u00f3 de dos fisioterapeutes especialitzats] RESERVAR ARA<\/p>\n","protected":false},"author":1,"featured_media":0,"parent":0,"menu_order":0,"comment_status":"closed","ping_status":"closed","template":"elementor_header_footer","meta":{"inline_featured_image":false,"footnotes":""},"class_list":["post-808","page","type-page","status-publish","hentry"],"yoast_head":"<!-- This site is optimized with the Yoast SEO plugin v27.5 - https:\/\/yoast.com\/product\/yoast-seo-wordpress\/ -->\n<title>serv-Tecarterapia - Octavi<\/title>\n<meta name=\"description\" content=\"La part de fisioter\u00e0pia manual i rehabilitaci\u00f3 compta amb la col\u00b7laboraci\u00f3 de dos fisioterapeutes especialitzats\" \/>\n<meta name=\"robots\" content=\"index, follow, max-snippet:-1, max-image-preview:large, max-video-preview:-1\" \/>\n<link rel=\"canonical\" href=\"https:\/\/octavimassatgista.cat\/es\/serv-tecarterapia\/\" \/>\n<meta property=\"og:locale\" content=\"es_ES\" \/>\n<meta property=\"og:type\" content=\"article\" \/>\n<meta property=\"og:title\" content=\"serv-Tecarterapia - Octavi\" \/>\n<meta property=\"og:description\" content=\"La part de fisioter\u00e0pia manual i rehabilitaci\u00f3 compta amb la col\u00b7laboraci\u00f3 de dos fisioterapeutes especialitzats\" \/>\n<meta property=\"og:url\" content=\"https:\/\/octavimassatgista.cat\/es\/serv-tecarterapia\/\" \/>\n<meta property=\"og:site_name\" content=\"Octavi\" \/>\n<meta property=\"article:modified_time\" content=\"2023-11-08T21:08:56+00:00\" \/>\n<meta property=\"og:image\" content=\"https:\/\/octavimassatgista.cat\/wp-content\/uploads\/2023\/11\/Foto-Human-Tecar-22-1024x683.jpg\" \/>\n<meta name=\"twitter:card\" content=\"summary_large_image\" \/>\n<meta name=\"twitter:label1\" content=\"Tiempo de lectura\" \/>\n\t<meta name=\"twitter:data1\" content=\"1 minuto\" \/>\n<script type=\"application\/ld+json\" class=\"yoast-schema-graph\">{\"@context\":\"https:\\\/\\\/schema.org\",\"@graph\":[{\"@type\":\"WebPage\",\"@id\":\"https:\\\/\\\/octavimassatgista.cat\\\/serv-tecarterapia\\\/\",\"url\":\"https:\\\/\\\/octavimassatgista.cat\\\/serv-tecarterapia\\\/\",\"name\":\"serv-Tecarterapia - Octavi\",\"isPartOf\":{\"@id\":\"https:\\\/\\\/octavimassatgista.cat\\\/#website\"},\"primaryImageOfPage\":{\"@id\":\"https:\\\/\\\/octavimassatgista.cat\\\/serv-tecarterapia\\\/#primaryimage\"},\"image\":{\"@id\":\"https:\\\/\\\/octavimassatgista.cat\\\/serv-tecarterapia\\\/#primaryimage\"},\"thumbnailUrl\":\"https:\\\/\\\/octavimassatgista.cat\\\/wp-content\\\/uploads\\\/2023\\\/11\\\/Foto-Human-Tecar-22-1024x683.jpg\",\"datePublished\":\"2023-10-27T05:45:02+00:00\",\"dateModified\":\"2023-11-08T21:08:56+00:00\",\"description\":\"La part de fisioter\u00e0pia manual i rehabilitaci\u00f3 compta amb la col\u00b7laboraci\u00f3 de dos fisioterapeutes especialitzats\",\"inLanguage\":\"es\",\"potentialAction\":[{\"@type\":\"ReadAction\",\"target\":[\"https:\\\/\\\/octavimassatgista.cat\\\/serv-tecarterapia\\\/\"]}]},{\"@type\":\"ImageObject\",\"inLanguage\":\"es\",\"@id\":\"https:\\\/\\\/octavimassatgista.cat\\\/serv-tecarterapia\\\/#primaryimage\",\"url\":\"https:\\\/\\\/octavimassatgista.cat\\\/wp-content\\\/uploads\\\/2023\\\/11\\\/Foto-Human-Tecar-22-1024x683.jpg\",\"contentUrl\":\"https:\\\/\\\/octavimassatgista.cat\\\/wp-content\\\/uploads\\\/2023\\\/11\\\/Foto-Human-Tecar-22-1024x683.jpg\"},{\"@type\":\"WebSite\",\"@id\":\"https:\\\/\\\/octavimassatgista.cat\\\/#website\",\"url\":\"https:\\\/\\\/octavimassatgista.cat\\\/\",\"name\":\"Octavi\",\"description\":\"\",\"potentialAction\":[{\"@type\":\"SearchAction\",\"target\":{\"@type\":\"EntryPoint\",\"urlTemplate\":\"https:\\\/\\\/octavimassatgista.cat\\\/?s={search_term_string}\"},\"query-input\":{\"@type\":\"PropertyValueSpecification\",\"valueRequired\":true,\"valueName\":\"search_term_string\"}}],\"inLanguage\":\"es\"}]}<\/script>\n<!-- \/ Yoast SEO plugin. -->","yoast_head_json":{"title":"serv-Tecarterapia - Octavi","description":"La part de fisioter\u00e0pia manual i rehabilitaci\u00f3 compta amb la col\u00b7laboraci\u00f3 de dos fisioterapeutes especialitzats","robots":{"index":"index","follow":"follow","max-snippet":"max-snippet:-1","max-image-preview":"max-image-preview:large","max-video-preview":"max-video-preview:-1"},"canonical":"https:\/\/octavimassatgista.cat\/es\/serv-tecarterapia\/","og_locale":"es_ES","og_type":"article","og_title":"serv-Tecarterapia - Octavi","og_description":"La part de fisioter\u00e0pia manual i rehabilitaci\u00f3 compta amb la col\u00b7laboraci\u00f3 de dos fisioterapeutes especialitzats","og_url":"https:\/\/octavimassatgista.cat\/es\/serv-tecarterapia\/","og_site_name":"Octavi","article_modified_time":"2023-11-08T21:08:56+00:00","og_image":[{"url":"https:\/\/octavimassatgista.cat\/wp-content\/uploads\/2023\/11\/Foto-Human-Tecar-22-1024x683.jpg","type":"","width":"","height":""}],"twitter_card":"summary_large_image","twitter_misc":{"Tiempo de lectura":"1 minuto"},"schema":{"@context":"https:\/\/schema.org","@graph":[{"@type":"WebPage","@id":"https:\/\/octavimassatgista.cat\/serv-tecarterapia\/","url":"https:\/\/octavimassatgista.cat\/serv-tecarterapia\/","name":"serv-Tecarterapia - Octavi","isPartOf":{"@id":"https:\/\/octavimassatgista.cat\/#website"},"primaryImageOfPage":{"@id":"https:\/\/octavimassatgista.cat\/serv-tecarterapia\/#primaryimage"},"image":{"@id":"https:\/\/octavimassatgista.cat\/serv-tecarterapia\/#primaryimage"},"thumbnailUrl":"https:\/\/octavimassatgista.cat\/wp-content\/uploads\/2023\/11\/Foto-Human-Tecar-22-1024x683.jpg","datePublished":"2023-10-27T05:45:02+00:00","dateModified":"2023-11-08T21:08:56+00:00","description":"La part de fisioter\u00e0pia manual i rehabilitaci\u00f3 compta amb la col\u00b7laboraci\u00f3 de dos fisioterapeutes especialitzats","inLanguage":"es","potentialAction":[{"@type":"ReadAction","target":["https:\/\/octavimassatgista.cat\/serv-tecarterapia\/"]}]},{"@type":"ImageObject","inLanguage":"es","@id":"https:\/\/octavimassatgista.cat\/serv-tecarterapia\/#primaryimage","url":"https:\/\/octavimassatgista.cat\/wp-content\/uploads\/2023\/11\/Foto-Human-Tecar-22-1024x683.jpg","contentUrl":"https:\/\/octavimassatgista.cat\/wp-content\/uploads\/2023\/11\/Foto-Human-Tecar-22-1024x683.jpg"},{"@type":"WebSite","@id":"https:\/\/octavimassatgista.cat\/#website","url":"https:\/\/octavimassatgista.cat\/","name":"Octavi","description":"","potentialAction":[{"@type":"SearchAction","target":{"@type":"EntryPoint","urlTemplate":"https:\/\/octavimassatgista.cat\/?s={search_term_string}"},"query-input":{"@type":"PropertyValueSpecification","valueRequired":true,"valueName":"search_term_string"}}],"inLanguage":"es"}]}},"_links":{"self":[{"href":"https:\/\/octavimassatgista.cat\/es\/wp-json\/wp\/v2\/pages\/808","targetHints":{"allow":["GET"]}}],"collection":[{"href":"https:\/\/octavimassatgista.cat\/es\/wp-json\/wp\/v2\/pages"}],"about":[{"href":"https:\/\/octavimassatgista.cat\/es\/wp-json\/wp\/v2\/types\/page"}],"author":[{"embeddable":true,"href":"https:\/\/octavimassatgista.cat\/es\/wp-json\/wp\/v2\/users\/1"}],"replies":[{"embeddable":true,"href":"https:\/\/octavimassatgista.cat\/es\/wp-json\/wp\/v2\/comments?post=808"}],"version-history":[{"count":23,"href":"https:\/\/octavimassatgista.cat\/es\/wp-json\/wp\/v2\/pages\/808\/revisions"}],"predecessor-version":[{"id":1383,"href":"https:\/\/octavimassatgista.cat\/es\/wp-json\/wp\/v2\/pages\/808\/revisions\/1383"}],"wp:attachment":[{"href":"https:\/\/octavimassatgista.cat\/es\/wp-json\/wp\/v2\/media?parent=808"}],"curies":[{"name":"wp","href":"https:\/\/api.w.org\/{rel}","templated":true}]}}