{"id":198,"date":"2023-10-23T05:38:11","date_gmt":"2023-10-23T05:38:11","guid":{"rendered":"http:\/\/s954832244.mialojamiento.es\/?page_id=198"},"modified":"2023-11-13T15:03:09","modified_gmt":"2023-11-13T15:03:09","slug":"centre","status":"publish","type":"page","link":"https:\/\/octavimassatgista.cat\/es\/centre\/","title":{"rendered":"Centro"},"content":{"rendered":"<div data-elementor-type=\"wp-page\" data-elementor-id=\"198\" class=\"elementor elementor-198\" data-elementor-post-type=\"page\">\n\t\t\t\t\t\t<section class=\"elementor-section elementor-top-section elementor-element elementor-element-1830a00 elementor-section-boxed elementor-section-height-default elementor-section-height-default\" data-id=\"1830a00\" data-element_type=\"section\" data-e-type=\"section\" data-settings=\"{&quot;background_background&quot;:&quot;classic&quot;}\">\n\t\t\t\t\t\t\t<div class=\"elementor-background-overlay\"><\/div>\n\t\t\t\t\t\t\t<div class=\"elementor-container elementor-column-gap-default\">\n\t\t\t\t\t<div class=\"elementor-column elementor-col-100 elementor-top-column elementor-element elementor-element-664ff4a\" data-id=\"664ff4a\" data-element_type=\"column\" data-e-type=\"column\">\n\t\t\t<div class=\"elementor-widget-wrap elementor-element-populated\">\n\t\t\t\t\t\t<div class=\"elementor-element elementor-element-875d697 elementor-widget elementor-widget-heading\" data-id=\"875d697\" data-element_type=\"widget\" data-e-type=\"widget\" data-widget_type=\"heading.default\">\n\t\t\t\t<div class=\"elementor-widget-container\">\n\t\t\t\t\t<h2 class=\"elementor-heading-title elementor-size-default\">CENTRO<\/h2>\t\t\t\t<\/div>\n\t\t\t\t<\/div>\n\t\t\t\t\t<\/div>\n\t\t<\/div>\n\t\t\t\t\t<\/div>\n\t\t<\/section>\n\t\t\t\t<section class=\"elementor-section elementor-top-section elementor-element elementor-element-d72bbfc elementor-section-content-top elementor-section-boxed elementor-section-height-default elementor-section-height-default\" data-id=\"d72bbfc\" data-element_type=\"section\" data-e-type=\"section\" data-settings=\"{&quot;background_background&quot;:&quot;classic&quot;}\">\n\t\t\t\t\t\t<div class=\"elementor-container elementor-column-gap-default\">\n\t\t\t\t\t<div class=\"elementor-column elementor-col-100 elementor-top-column elementor-element elementor-element-d3e01cb\" data-id=\"d3e01cb\" data-element_type=\"column\" data-e-type=\"column\">\n\t\t\t<div class=\"elementor-widget-wrap elementor-element-populated\">\n\t\t\t\t\t\t<div class=\"elementor-element elementor-element-db17192 elementor-widget__width-initial elementor-widget elementor-widget-text-editor\" data-id=\"db17192\" data-element_type=\"widget\" data-e-type=\"widget\" data-widget_type=\"text-editor.default\">\n\t\t\t\t<div class=\"elementor-widget-container\">\n\t\t\t\t\t\t\t\t\t<p>Un espacio con una esencia propia y un trato cercano, donde te sentir\u00e1s como en casa.<\/p>\t\t\t\t\t\t\t\t<\/div>\n\t\t\t\t<\/div>\n\t\t\t\t<div class=\"elementor-element elementor-element-ec1b088 elementor-widget__width-initial elementor-widget elementor-widget-text-editor\" data-id=\"ec1b088\" data-element_type=\"widget\" data-e-type=\"widget\" data-widget_type=\"text-editor.default\">\n\t\t\t\t<div class=\"elementor-widget-container\">\n\t\t\t\t\t\t\t\t\t<p>La esencia del masaje Octavi radica en la capacidad de aplicar diferentes t\u00e9cnicas manuales para realizar un tratamiento \u00fanico y personalizado, utilizando productos ecol\u00f3gicos y org\u00e1nicos de alta calidad.<\/p>\t\t\t\t\t\t\t\t<\/div>\n\t\t\t\t<\/div>\n\t\t\t\t<div class=\"elementor-element elementor-element-a073e07 elementor-hidden-desktop elementor-widget elementor-widget-image\" data-id=\"a073e07\" data-element_type=\"widget\" data-e-type=\"widget\" data-widget_type=\"image.default\">\n\t\t\t\t<div class=\"elementor-widget-container\">\n\t\t\t\t\t\t\t\t\t\t\t\t\t\t\t<img fetchpriority=\"high\" decoding=\"async\" width=\"800\" height=\"450\" src=\"https:\/\/octavimassatgista.cat\/wp-content\/uploads\/2023\/10\/Octavi-Vals-bg2-1024x576.png\" class=\"attachment-large size-large wp-image-1045\" alt=\"\" srcset=\"https:\/\/octavimassatgista.cat\/wp-content\/uploads\/2023\/10\/Octavi-Vals-bg2-1024x576.png 1024w, https:\/\/octavimassatgista.cat\/wp-content\/uploads\/2023\/10\/Octavi-Vals-bg2-300x169.png 300w, https:\/\/octavimassatgista.cat\/wp-content\/uploads\/2023\/10\/Octavi-Vals-bg2-768x432.png 768w, https:\/\/octavimassatgista.cat\/wp-content\/uploads\/2023\/10\/Octavi-Vals-bg2.png 1453w\" sizes=\"(max-width: 800px) 100vw, 800px\" \/>\t\t\t\t\t\t\t\t\t\t\t\t\t\t\t<\/div>\n\t\t\t\t<\/div>\n\t\t\t\t\t<\/div>\n\t\t<\/div>\n\t\t\t\t\t<\/div>\n\t\t<\/section>\n\t\t\t\t<section class=\"elementor-section elementor-top-section elementor-element elementor-element-d4e8bf5 elementor-section-boxed elementor-section-height-default elementor-section-height-default\" data-id=\"d4e8bf5\" data-element_type=\"section\" data-e-type=\"section\" data-settings=\"{&quot;background_background&quot;:&quot;classic&quot;}\">\n\t\t\t\t\t\t<div class=\"elementor-container elementor-column-gap-default\">\n\t\t\t\t\t<div class=\"elementor-column elementor-col-50 elementor-top-column elementor-element elementor-element-76b4c83\" data-id=\"76b4c83\" data-element_type=\"column\" data-e-type=\"column\" data-settings=\"{&quot;background_background&quot;:&quot;classic&quot;}\">\n\t\t\t<div class=\"elementor-widget-wrap elementor-element-populated\">\n\t\t\t\t\t\t<div class=\"elementor-element elementor-element-96d73e7 elementor-widget elementor-widget-heading\" data-id=\"96d73e7\" data-element_type=\"widget\" data-e-type=\"widget\" data-widget_type=\"heading.default\">\n\t\t\t\t<div class=\"elementor-widget-container\">\n\t\t\t\t\t<h2 class=\"elementor-heading-title elementor-size-default\">Sobre Octavi<\/h2>\t\t\t\t<\/div>\n\t\t\t\t<\/div>\n\t\t\t\t<div class=\"elementor-element elementor-element-e155c83 elementor-widget elementor-widget-text-editor\" data-id=\"e155c83\" data-element_type=\"widget\" data-e-type=\"widget\" data-widget_type=\"text-editor.default\">\n\t\t\t\t<div class=\"elementor-widget-container\">\n\t\t\t\t\t\t\t\t\t<p>El centro Octavi est\u00e1 dirigido por Octavi Casanovas Mateu, terapeuta con m\u00e1s de 15 a\u00f1os de experiencia en el sector.<\/p>\t\t\t\t\t\t\t\t<\/div>\n\t\t\t\t<\/div>\n\t\t\t\t<div class=\"elementor-element elementor-element-87c5355 readmorebtn elementor-widget elementor-widget-toggle\" data-id=\"87c5355\" data-element_type=\"widget\" data-e-type=\"widget\" data-widget_type=\"toggle.default\">\n\t\t\t\t<div class=\"elementor-widget-container\">\n\t\t\t\t\t\t\t<div class=\"elementor-toggle\">\n\t\t\t\t\t\t\t<div class=\"elementor-toggle-item\">\n\t\t\t\t\t<div id=\"elementor-tab-title-1421\" class=\"elementor-tab-title\" data-tab=\"1\" role=\"button\" aria-controls=\"elementor-tab-content-1421\" aria-expanded=\"false\">\n\t\t\t\t\t\t\t\t\t\t\t\t<a class=\"elementor-toggle-title\" tabindex=\"0\">VER M\u00c1S<\/a>\n\t\t\t\t\t<\/div>\n\n\t\t\t\t\t<div id=\"elementor-tab-content-1421\" class=\"elementor-tab-content elementor-clearfix\" data-tab=\"1\" role=\"region\" aria-labelledby=\"elementor-tab-title-1421\"><p style=\"text-align: left;\"><b><i>Diplomado en:<\/i><\/b><\/p><ul style=\"text-align: left;\"><li style=\"font-weight: 400;\" aria-level=\"1\"><i><span style=\"font-weight: 400;\">Osteopat\u00eda estructural<\/span><\/i><\/li><\/ul><ul style=\"text-align: left;\"><li style=\"font-weight: 400;\" aria-level=\"1\"><i><span style=\"font-weight: 400;\">Quiromasaje<\/span><\/i><\/li><\/ul><ul style=\"text-align: left;\"><li style=\"font-weight: 400;\" aria-level=\"1\"><i><span style=\"font-weight: 400;\">Quiromasaje avanzado<\/span><\/i><\/li><\/ul><ul style=\"text-align: left;\"><li style=\"font-weight: 400;\" aria-level=\"1\"><i><span style=\"font-weight: 400;\">Masaje deportivo<\/span><\/i><\/li><\/ul><ul style=\"text-align: left;\"><li style=\"font-weight: 400;\" aria-level=\"1\"><i><span style=\"font-weight: 400;\">Reflexolog\u00eda podal<\/span><\/i><\/li><\/ul><ul style=\"text-align: left;\"><li style=\"font-weight: 400;\" aria-level=\"1\"><i><span style=\"font-weight: 400;\">Auriculoterapia<\/span><\/i><\/li><\/ul><ul style=\"text-align: left;\"><li style=\"font-weight: 400;\" aria-level=\"1\"><i><span style=\"font-weight: 400;\">\u00a0<\/span><\/i><i><span style=\"font-weight: 400;\">Masaje con ventosas<\/span><\/i><\/li><\/ul><ul style=\"text-align: left;\"><li style=\"font-weight: 400;\" aria-level=\"1\"><i><span style=\"font-weight: 400;\">Kinesiotape (vendajes neuromusculares)<\/span><\/i><\/li><\/ul><ul style=\"text-align: left;\"><li style=\"font-weight: 400;\" aria-level=\"1\"><i><span style=\"font-weight: 400;\">Moxibusti\u00f3n<\/span><\/i><\/li><\/ul><ul style=\"text-align: left;\"><li style=\"font-weight: 400;\" aria-level=\"1\"><i><span style=\"font-weight: 400;\">Dorsalgia<\/span><\/i><\/li><\/ul><ul style=\"text-align: left;\"><li style=\"font-weight: 400;\" aria-level=\"1\"><i><span style=\"font-weight: 400;\">Reiki<\/span><\/i><\/li><\/ul><ul style=\"text-align: left;\"><li style=\"font-weight: 400;\" aria-level=\"1\"><i><span style=\"font-weight: 400;\">Formaci\u00f3n en Human Tecar<\/span><\/i><\/li><\/ul><ul style=\"text-align: left;\"><li style=\"font-weight: 400;\" aria-level=\"1\"><i><span style=\"font-weight: 400;\">Terapeuta en clubes deportivos de f\u00fatbol en la comarca durante m\u00e1s de 7 a\u00f1os.<\/span><\/i><\/li><\/ul><ul><li style=\"font-weight: 400; text-align: left;\" aria-level=\"1\"><i><span style=\"font-weight: 400;\">Acompa\u00f1amiento terap\u00e9utico en las 24 horas de Le Mans de automovilismo, as\u00ed como en campeonatos estatales y europeos de Moto 2<\/span><\/i><\/li><\/ul><\/div>\n\t\t\t\t<\/div>\n\t\t\t\t\t\t\t\t<\/div>\n\t\t\t\t\t\t<\/div>\n\t\t\t\t<\/div>\n\t\t\t\t\t<\/div>\n\t\t<\/div>\n\t\t\t\t<div class=\"elementor-column elementor-col-50 elementor-top-column elementor-element elementor-element-1661426\" data-id=\"1661426\" data-element_type=\"column\" data-e-type=\"column\">\n\t\t\t<div class=\"elementor-widget-wrap elementor-element-populated\">\n\t\t\t\t\t\t<div class=\"elementor-element elementor-element-cba0b44 elementor-widget elementor-widget-image\" data-id=\"cba0b44\" data-element_type=\"widget\" data-e-type=\"widget\" data-widget_type=\"image.default\">\n\t\t\t\t<div class=\"elementor-widget-container\">\n\t\t\t\t\t\t\t\t\t\t\t\t\t\t\t<img decoding=\"async\" width=\"682\" height=\"682\" src=\"https:\/\/octavimassatgista.cat\/wp-content\/uploads\/2023\/10\/octavi-massatge-square.jpeg\" class=\"attachment-large size-large wp-image-265\" alt=\"\" srcset=\"https:\/\/octavimassatgista.cat\/wp-content\/uploads\/2023\/10\/octavi-massatge-square.jpeg 682w, https:\/\/octavimassatgista.cat\/wp-content\/uploads\/2023\/10\/octavi-massatge-square-300x300.jpeg 300w, https:\/\/octavimassatgista.cat\/wp-content\/uploads\/2023\/10\/octavi-massatge-square-150x150.jpeg 150w\" sizes=\"(max-width: 682px) 100vw, 682px\" \/>\t\t\t\t\t\t\t\t\t\t\t\t\t\t\t<\/div>\n\t\t\t\t<\/div>\n\t\t\t\t\t<\/div>\n\t\t<\/div>\n\t\t\t\t\t<\/div>\n\t\t<\/section>\n\t\t\t\t<section class=\"elementor-section elementor-top-section elementor-element elementor-element-d11997c elementor-section-boxed elementor-section-height-default elementor-section-height-default\" data-id=\"d11997c\" data-element_type=\"section\" data-e-type=\"section\">\n\t\t\t\t\t\t<div class=\"elementor-container elementor-column-gap-default\">\n\t\t\t\t\t<div class=\"elementor-column elementor-col-100 elementor-top-column elementor-element elementor-element-534689a\" data-id=\"534689a\" data-element_type=\"column\" data-e-type=\"column\">\n\t\t\t<div class=\"elementor-widget-wrap elementor-element-populated\">\n\t\t\t\t\t\t<div class=\"elementor-element elementor-element-556c31a elementor-widget elementor-widget-heading\" data-id=\"556c31a\" data-element_type=\"widget\" data-e-type=\"widget\" data-widget_type=\"heading.default\">\n\t\t\t\t<div class=\"elementor-widget-container\">\n\t\t\t\t\t<h2 class=\"elementor-heading-title elementor-size-default\">Conoce nuestro centro<\/h2>\t\t\t\t<\/div>\n\t\t\t\t<\/div>\n\t\t\t\t<div class=\"elementor-element elementor-element-5f4169f elementor-arrows-position-inside elementor-pagination-position-outside elementor-widget elementor-widget-image-carousel\" data-id=\"5f4169f\" data-element_type=\"widget\" data-e-type=\"widget\" data-settings=\"{&quot;slides_to_show&quot;:&quot;2&quot;,&quot;lazyload&quot;:&quot;yes&quot;,&quot;speed&quot;:1500,&quot;navigation&quot;:&quot;both&quot;,&quot;autoplay&quot;:&quot;yes&quot;,&quot;pause_on_hover&quot;:&quot;yes&quot;,&quot;pause_on_interaction&quot;:&quot;yes&quot;,&quot;autoplay_speed&quot;:5000,&quot;infinite&quot;:&quot;yes&quot;,&quot;image_spacing_custom&quot;:{&quot;unit&quot;:&quot;px&quot;,&quot;size&quot;:20,&quot;sizes&quot;:[]},&quot;image_spacing_custom_tablet&quot;:{&quot;unit&quot;:&quot;px&quot;,&quot;size&quot;:&quot;&quot;,&quot;sizes&quot;:[]},&quot;image_spacing_custom_mobile&quot;:{&quot;unit&quot;:&quot;px&quot;,&quot;size&quot;:&quot;&quot;,&quot;sizes&quot;:[]}}\" data-widget_type=\"image-carousel.default\">\n\t\t\t\t<div class=\"elementor-widget-container\">\n\t\t\t\t\t\t\t<div class=\"elementor-image-carousel-wrapper swiper\" role=\"region\" aria-roledescription=\"carousel\" aria-label=\"Carrusel de im\u00e1genes\" dir=\"ltr\">\n\t\t\t<div class=\"elementor-image-carousel swiper-wrapper swiper-image-stretch\" aria-live=\"off\">\n\t\t\t\t\t\t\t\t<div class=\"swiper-slide\" role=\"group\" aria-roledescription=\"slide\" aria-label=\"1 de 6\" data-no-translation-aria-label=\"\"><figure class=\"swiper-slide-inner\"><img class=\"swiper-slide-image swiper-lazy\" data-src=\"https:\/\/octavimassatgista.cat\/wp-content\/uploads\/2023\/10\/centre-massatge.jpeg\" alt=\"centre massatge\" \/><div class=\"swiper-lazy-preloader\"><\/div><\/figure><\/div><div class=\"swiper-slide\" role=\"group\" aria-roledescription=\"slide\" aria-label=\"2 de 6\" data-no-translation-aria-label=\"\"><figure class=\"swiper-slide-inner\"><img class=\"swiper-slide-image swiper-lazy\" data-src=\"https:\/\/octavimassatgista.cat\/wp-content\/uploads\/2023\/10\/Copia-de-Local_Octavi_37-1024x682.jpg\" alt=\"C\u00f2pia de Local_Octavi_37\" \/><div class=\"swiper-lazy-preloader\"><\/div><\/figure><\/div><div class=\"swiper-slide\" role=\"group\" aria-roledescription=\"slide\" aria-label=\"3 de 6\" data-no-translation-aria-label=\"\"><figure class=\"swiper-slide-inner\"><img class=\"swiper-slide-image swiper-lazy\" data-src=\"https:\/\/octavimassatgista.cat\/wp-content\/uploads\/2023\/10\/Copia-de-Local_Octavi_86-1024x682.jpg\" alt=\"C\u00f2pia de Local_Octavi_86\" \/><div class=\"swiper-lazy-preloader\"><\/div><\/figure><\/div><div class=\"swiper-slide\" role=\"group\" aria-roledescription=\"slide\" aria-label=\"4 de 6\" data-no-translation-aria-label=\"\"><figure class=\"swiper-slide-inner\"><img class=\"swiper-slide-image swiper-lazy\" data-src=\"https:\/\/octavimassatgista.cat\/wp-content\/uploads\/2023\/10\/Copia-de-Local_Octavi_12-1-1024x683.jpg\" alt=\"C\u00f2pia de Local_Octavi_12 (1)\" \/><div class=\"swiper-lazy-preloader\"><\/div><\/figure><\/div><div class=\"swiper-slide\" role=\"group\" aria-roledescription=\"slide\" aria-label=\"5 de 6\" data-no-translation-aria-label=\"\"><figure class=\"swiper-slide-inner\"><img class=\"swiper-slide-image swiper-lazy\" data-src=\"https:\/\/octavimassatgista.cat\/wp-content\/uploads\/2023\/11\/Foto-centre-1024x683.jpeg\" alt=\"Foto centre\" \/><div class=\"swiper-lazy-preloader\"><\/div><\/figure><\/div><div class=\"swiper-slide\" role=\"group\" aria-roledescription=\"slide\" aria-label=\"6 de 6\" data-no-translation-aria-label=\"\"><figure class=\"swiper-slide-inner\"><img class=\"swiper-slide-image swiper-lazy\" data-src=\"https:\/\/octavimassatgista.cat\/wp-content\/uploads\/2023\/11\/Copia-de-Local_Octavi_11-1024x683.jpeg\" alt=\"Co\u0300pia de Local_Octavi_11\" \/><div class=\"swiper-lazy-preloader\"><\/div><\/figure><\/div>\t\t\t<\/div>\n\t\t\t\t\t\t\t\t\t\t\t\t<div class=\"elementor-swiper-button elementor-swiper-button-prev\" role=\"button\" tabindex=\"0\">\n\t\t\t\t\t\t<i aria-hidden=\"true\" class=\"eicon-chevron-left\"><\/i>\t\t\t\t\t<\/div>\n\t\t\t\t\t<div class=\"elementor-swiper-button elementor-swiper-button-next\" role=\"button\" tabindex=\"0\">\n\t\t\t\t\t\t<i aria-hidden=\"true\" class=\"eicon-chevron-right\"><\/i>\t\t\t\t\t<\/div>\n\t\t\t\t\n\t\t\t\t\t\t\t\t\t<div class=\"swiper-pagination\"><\/div>\n\t\t\t\t\t\t\t\t\t<\/div>\n\t\t\t\t\t\t<\/div>\n\t\t\t\t<\/div>\n\t\t\t\t\t<\/div>\n\t\t<\/div>\n\t\t\t\t\t<\/div>\n\t\t<\/section>\n\t\t\t\t<\/div>","protected":false},"excerpt":{"rendered":"<p>CENTRE Un espai amb una ess\u00e8ncia pr\u00f2pia i amb un tracte proper, on et sentir\u00e0s com a casa. L`ess\u00e8ncia del massatge Octavi \u00e9s la capacitat d\u2019aplicar diferents t\u00e8cniques manuals, per fer un tractament \u00fanic i personalitzat, utilitzant productes ecol\u00f2gics i org\u00e0nics d\u2019alta qualitat. Sobre Octavi El centre Octavi est\u00e0 dirigit per l\u2019Octavi Casanovas Mateu, terapeuta [&hellip;]<\/p>\n","protected":false},"author":1,"featured_media":0,"parent":0,"menu_order":0,"comment_status":"closed","ping_status":"closed","template":"elementor_header_footer","meta":{"inline_featured_image":false,"footnotes":""},"class_list":["post-198","page","type-page","status-publish","hentry"],"yoast_head":"<!-- This site is optimized with the Yoast SEO plugin v27.5 - https:\/\/yoast.com\/product\/yoast-seo-wordpress\/ -->\n<title>Centre - Octavi<\/title>\n<meta name=\"description\" content=\"L`ess\u00e8ncia del massatge Octavi \u00e9s la capacitat d\u2019aplicar diferents t\u00e8cniques manuals, per fer un tractament \u00fanic i personalitzat, utilitzant productes ecol\u00f2gics i org\u00e0nics d\u2019alta qualitat.\" \/>\n<meta name=\"robots\" content=\"index, follow, max-snippet:-1, max-image-preview:large, max-video-preview:-1\" \/>\n<link rel=\"canonical\" href=\"https:\/\/octavimassatgista.cat\/es\/centre\/\" \/>\n<meta property=\"og:locale\" content=\"es_ES\" \/>\n<meta property=\"og:type\" content=\"article\" \/>\n<meta property=\"og:title\" content=\"Centre - Octavi\" \/>\n<meta property=\"og:description\" content=\"L`ess\u00e8ncia del massatge Octavi \u00e9s la capacitat d\u2019aplicar diferents t\u00e8cniques manuals, per fer un tractament \u00fanic i personalitzat, utilitzant productes ecol\u00f2gics i org\u00e0nics d\u2019alta qualitat.\" \/>\n<meta property=\"og:url\" content=\"https:\/\/octavimassatgista.cat\/es\/centre\/\" \/>\n<meta property=\"og:site_name\" content=\"Octavi\" \/>\n<meta property=\"article:modified_time\" content=\"2023-11-13T15:03:09+00:00\" \/>\n<meta property=\"og:image\" content=\"https:\/\/octavimassatgista.cat\/wp-content\/uploads\/2023\/10\/Octavi-Vals-bg2-1024x576.png\" \/>\n<meta name=\"twitter:card\" content=\"summary_large_image\" \/>\n<meta name=\"twitter:label1\" content=\"Tiempo de lectura\" \/>\n\t<meta name=\"twitter:data1\" content=\"3 minutos\" \/>\n<script type=\"application\/ld+json\" class=\"yoast-schema-graph\">{\"@context\":\"https:\\\/\\\/schema.org\",\"@graph\":[{\"@type\":\"WebPage\",\"@id\":\"https:\\\/\\\/octavimassatgista.cat\\\/centre\\\/\",\"url\":\"https:\\\/\\\/octavimassatgista.cat\\\/centre\\\/\",\"name\":\"Centre - Octavi\",\"isPartOf\":{\"@id\":\"https:\\\/\\\/octavimassatgista.cat\\\/#website\"},\"primaryImageOfPage\":{\"@id\":\"https:\\\/\\\/octavimassatgista.cat\\\/centre\\\/#primaryimage\"},\"image\":{\"@id\":\"https:\\\/\\\/octavimassatgista.cat\\\/centre\\\/#primaryimage\"},\"thumbnailUrl\":\"https:\\\/\\\/octavimassatgista.cat\\\/wp-content\\\/uploads\\\/2023\\\/10\\\/Octavi-Vals-bg2-1024x576.png\",\"datePublished\":\"2023-10-23T05:38:11+00:00\",\"dateModified\":\"2023-11-13T15:03:09+00:00\",\"description\":\"L`ess\u00e8ncia del massatge Octavi \u00e9s la capacitat d\u2019aplicar diferents t\u00e8cniques manuals, per fer un tractament \u00fanic i personalitzat, utilitzant productes ecol\u00f2gics i org\u00e0nics d\u2019alta qualitat.\",\"inLanguage\":\"es\",\"potentialAction\":[{\"@type\":\"ReadAction\",\"target\":[\"https:\\\/\\\/octavimassatgista.cat\\\/centre\\\/\"]}]},{\"@type\":\"ImageObject\",\"inLanguage\":\"es\",\"@id\":\"https:\\\/\\\/octavimassatgista.cat\\\/centre\\\/#primaryimage\",\"url\":\"https:\\\/\\\/octavimassatgista.cat\\\/wp-content\\\/uploads\\\/2023\\\/10\\\/Octavi-Vals-bg2-1024x576.png\",\"contentUrl\":\"https:\\\/\\\/octavimassatgista.cat\\\/wp-content\\\/uploads\\\/2023\\\/10\\\/Octavi-Vals-bg2-1024x576.png\"},{\"@type\":\"WebSite\",\"@id\":\"https:\\\/\\\/octavimassatgista.cat\\\/#website\",\"url\":\"https:\\\/\\\/octavimassatgista.cat\\\/\",\"name\":\"Octavi\",\"description\":\"\",\"potentialAction\":[{\"@type\":\"SearchAction\",\"target\":{\"@type\":\"EntryPoint\",\"urlTemplate\":\"https:\\\/\\\/octavimassatgista.cat\\\/?s={search_term_string}\"},\"query-input\":{\"@type\":\"PropertyValueSpecification\",\"valueRequired\":true,\"valueName\":\"search_term_string\"}}],\"inLanguage\":\"es\"}]}<\/script>\n<!-- \/ Yoast SEO plugin. -->","yoast_head_json":{"title":"Centre - Octavi","description":"La esencia del masaje Octavi radica en la capacidad de aplicar diferentes t\u00e9cnicas manuales para realizar un tratamiento \u00fanico y personalizado, utilizando productos ecol\u00f3gicos y org\u00e1nicos de alta calidad.","robots":{"index":"index","follow":"follow","max-snippet":"max-snippet:-1","max-image-preview":"max-image-preview:large","max-video-preview":"max-video-preview:-1"},"canonical":"https:\/\/octavimassatgista.cat\/es\/centre\/","og_locale":"es_ES","og_type":"article","og_title":"Centre - Octavi","og_description":"L`ess\u00e8ncia del massatge Octavi \u00e9s la capacitat d\u2019aplicar diferents t\u00e8cniques manuals, per fer un tractament \u00fanic i personalitzat, utilitzant productes ecol\u00f2gics i org\u00e0nics d\u2019alta qualitat.","og_url":"https:\/\/octavimassatgista.cat\/es\/centre\/","og_site_name":"Octavi","article_modified_time":"2023-11-13T15:03:09+00:00","og_image":[{"url":"https:\/\/octavimassatgista.cat\/wp-content\/uploads\/2023\/10\/Octavi-Vals-bg2-1024x576.png","type":"","width":"","height":""}],"twitter_card":"summary_large_image","twitter_misc":{"Tiempo de lectura":"3 minutos"},"schema":{"@context":"https:\/\/schema.org","@graph":[{"@type":"WebPage","@id":"https:\/\/octavimassatgista.cat\/centre\/","url":"https:\/\/octavimassatgista.cat\/centre\/","name":"Centre - Octavi","isPartOf":{"@id":"https:\/\/octavimassatgista.cat\/#website"},"primaryImageOfPage":{"@id":"https:\/\/octavimassatgista.cat\/centre\/#primaryimage"},"image":{"@id":"https:\/\/octavimassatgista.cat\/centre\/#primaryimage"},"thumbnailUrl":"https:\/\/octavimassatgista.cat\/wp-content\/uploads\/2023\/10\/Octavi-Vals-bg2-1024x576.png","datePublished":"2023-10-23T05:38:11+00:00","dateModified":"2023-11-13T15:03:09+00:00","description":"La esencia del masaje Octavi radica en la capacidad de aplicar diferentes t\u00e9cnicas manuales para realizar un tratamiento \u00fanico y personalizado, utilizando productos ecol\u00f3gicos y org\u00e1nicos de alta calidad.","inLanguage":"es","potentialAction":[{"@type":"ReadAction","target":["https:\/\/octavimassatgista.cat\/centre\/"]}]},{"@type":"ImageObject","inLanguage":"es","@id":"https:\/\/octavimassatgista.cat\/centre\/#primaryimage","url":"https:\/\/octavimassatgista.cat\/wp-content\/uploads\/2023\/10\/Octavi-Vals-bg2-1024x576.png","contentUrl":"https:\/\/octavimassatgista.cat\/wp-content\/uploads\/2023\/10\/Octavi-Vals-bg2-1024x576.png"},{"@type":"WebSite","@id":"https:\/\/octavimassatgista.cat\/#website","url":"https:\/\/octavimassatgista.cat\/","name":"Octavi","description":"","potentialAction":[{"@type":"SearchAction","target":{"@type":"EntryPoint","urlTemplate":"https:\/\/octavimassatgista.cat\/?s={search_term_string}"},"query-input":{"@type":"PropertyValueSpecification","valueRequired":true,"valueName":"search_term_string"}}],"inLanguage":"es"}]}},"_links":{"self":[{"href":"https:\/\/octavimassatgista.cat\/es\/wp-json\/wp\/v2\/pages\/198","targetHints":{"allow":["GET"]}}],"collection":[{"href":"https:\/\/octavimassatgista.cat\/es\/wp-json\/wp\/v2\/pages"}],"about":[{"href":"https:\/\/octavimassatgista.cat\/es\/wp-json\/wp\/v2\/types\/page"}],"author":[{"embeddable":true,"href":"https:\/\/octavimassatgista.cat\/es\/wp-json\/wp\/v2\/users\/1"}],"replies":[{"embeddable":true,"href":"https:\/\/octavimassatgista.cat\/es\/wp-json\/wp\/v2\/comments?post=198"}],"version-history":[{"count":167,"href":"https:\/\/octavimassatgista.cat\/es\/wp-json\/wp\/v2\/pages\/198\/revisions"}],"predecessor-version":[{"id":1398,"href":"https:\/\/octavimassatgista.cat\/es\/wp-json\/wp\/v2\/pages\/198\/revisions\/1398"}],"wp:attachment":[{"href":"https:\/\/octavimassatgista.cat\/es\/wp-json\/wp\/v2\/media?parent=198"}],"curies":[{"name":"wp","href":"https:\/\/api.w.org\/{rel}","templated":true}]}}